{"id":7603,"date":"2022-02-03T14:12:20","date_gmt":"2022-02-03T12:12:20","guid":{"rendered":"https:\/\/www.it-varaani.fi\/demo\/tuju\/?post_type=product&#038;p=7603"},"modified":"2026-04-29T11:11:40","modified_gmt":"2026-04-29T08:11:40","slug":"raspberry-ripple-4-snails-bank","status":"publish","type":"product","link":"https:\/\/www.panimotuju.fi\/en\/product\/raspberry-ripple-4-snails-bank\/","title":{"rendered":"Raspberry Ripple 4% &#8211; Snails Bank"},"content":{"rendered":"<p><strong>Snails Bankin<\/strong> siiderit on tehty Britannian omenasyd\u00e4nmailla eli Herefodshiress\u00e4. Siidereiden tuotantoon valitaan paikallisesta sadosta parhaat tarjokkaat. Siiderit tehd\u00e4\u00e4n perinteisesti, mutta osuvat hyvin my\u00f6s moderniin makumaailmaan. Snails Bank luottaa kemikaalittomiin prosesseihin ja he haluavat tehd\u00e4 siidereit\u00e4\u00e4n luonnollisesti, ei luontoa vastaan.<\/p>\n<p><strong>Raspberry Ripple 4%<\/strong>: Varsinainen kes\u00e4juoma! Makea, mutta voimakastuoksuinen ja pist\u00e4v\u00e4n marjainen omenasiideri, jossa vadelmanv\u00e4reily\u00e4 raamittaa ripaus vaniljaa.<\/p>\n<p><strong>5,70\u20ac\/0,5L (11,4\u20ac\/L)<\/strong><\/p>","protected":false},"excerpt":{"rendered":"<p>Snails Bankin siiderit on tehty Britannian omenasyd\u00e4nmailla eli Herefodshiress\u00e4. Siidereiden tuotantoon valitaan paikallisesta sadosta parhaat tarjokkaat. Siiderit tehd\u00e4\u00e4n perinteisesti, mutta osuvat hyvin my\u00f6s moderniin makumaailmaan. Snails Bank luottaa kemikaalittomiin prosesseihin ja he haluavat tehd\u00e4 siidereit\u00e4\u00e4n luonnollisesti, ei luontoa vastaan. Raspberry Ripple 4%: Varsinainen kes\u00e4juoma! Makea, mutta voimakastuoksuinen ja pist\u00e4v\u00e4n marjainen omenasiideri, jossa vadelmanv\u00e4reily\u00e4 raamittaa ripaus &hellip; <\/p>\n<p class=\"link-more\"><a href=\"https:\/\/www.panimotuju.fi\/en\/product\/raspberry-ripple-4-snails-bank\/\" class=\"more-link\">Read more<span class=\"screen-reader-text\"> &#8221;Raspberry Ripple 4% &#8211; Snails Bank&#8221;<\/span><\/a><\/p>","protected":false},"featured_media":9986,"template":"","meta":[],"product_brand":[],"product_cat":[84],"product_tag":[],"class_list":{"0":"post-7603","1":"product","2":"type-product","3":"status-publish","4":"has-post-thumbnail","6":"product_cat-siiderit","8":"first","9":"instock","10":"taxable","11":"shipping-taxable","12":"purchasable","13":"product-type-simple"},"jetpack_sharing_enabled":true,"_links":{"self":[{"href":"https:\/\/www.panimotuju.fi\/en\/wp-json\/wp\/v2\/product\/7603","targetHints":{"allow":["GET"]}}],"collection":[{"href":"https:\/\/www.panimotuju.fi\/en\/wp-json\/wp\/v2\/product"}],"about":[{"href":"https:\/\/www.panimotuju.fi\/en\/wp-json\/wp\/v2\/types\/product"}],"wp:featuredmedia":[{"embeddable":true,"href":"https:\/\/www.panimotuju.fi\/en\/wp-json\/wp\/v2\/media\/9986"}],"wp:attachment":[{"href":"https:\/\/www.panimotuju.fi\/en\/wp-json\/wp\/v2\/media?parent=7603"}],"wp:term":[{"taxonomy":"product_brand","embeddable":true,"href":"https:\/\/www.panimotuju.fi\/en\/wp-json\/wp\/v2\/product_brand?post=7603"},{"taxonomy":"product_cat","embeddable":true,"href":"https:\/\/www.panimotuju.fi\/en\/wp-json\/wp\/v2\/product_cat?post=7603"},{"taxonomy":"product_tag","embeddable":true,"href":"https:\/\/www.panimotuju.fi\/en\/wp-json\/wp\/v2\/product_tag?post=7603"}],"curies":[{"name":"wp","href":"https:\/\/api.w.org\/{rel}","templated":true}]}}