{"id":7698,"date":"2022-02-03T14:12:43","date_gmt":"2022-02-03T12:12:43","guid":{"rendered":"https:\/\/www.it-varaani.fi\/demo\/tuju\/?post_type=product&#038;p=7698"},"modified":"2024-10-21T09:03:10","modified_gmt":"2024-10-21T06:03:10","slug":"fruit-bat-40-snails-bank","status":"publish","type":"product","link":"https:\/\/www.panimotuju.fi\/en\/product\/fruit-bat-40-snails-bank\/","title":{"rendered":"Fruit Bat 4,0% &#8211; Snails Bank"},"content":{"rendered":"<p><strong>Snails Bankin<\/strong> siiderit on tehty Britannian omenasyd\u00e4nmailla eli Herefodshiress\u00e4. Siidereiden tuotantoon valitaan paikallisesta sadosta parhaat tarjokkaat. Siiderit tehd\u00e4\u00e4n perinteisesti, mutta osuvat hyvin my\u00f6s moderniin makumaailmaan. Snails Bank luottaa kemikaalittomiin prosesseihin ja he haluavat tehd\u00e4 siidereit\u00e4\u00e4n luonnollisesti, ei luontoa vastaan.<\/p>\n<p><strong>Fruit Bat 4,0%<\/strong>: Rapsakka ja makeampi omenasiideri, johon on sekoiteltu mansikkaa, vadelmaa ja mustaherukkaa. T\u00e4ydellinen juoma ruohonleikkuun j\u00e4lkeiseen pihan tuoksuun.<\/p>\n<p><strong>5,70\u20ac\/0,5L (11,4\u20ac\/L)<\/strong><\/p>","protected":false},"excerpt":{"rendered":"<p>Snails Bankin siiderit on tehty Britannian omenasyd\u00e4nmailla eli Herefodshiress\u00e4. Siidereiden tuotantoon valitaan paikallisesta sadosta parhaat tarjokkaat. Siiderit tehd\u00e4\u00e4n perinteisesti, mutta osuvat hyvin my\u00f6s moderniin makumaailmaan. Snails Bank luottaa kemikaalittomiin prosesseihin ja he haluavat tehd\u00e4 siidereit\u00e4\u00e4n luonnollisesti, ei luontoa vastaan. Fruit Bat 4,0%: Rapsakka ja makeampi omenasiideri, johon on sekoiteltu mansikkaa, vadelmaa ja mustaherukkaa. T\u00e4ydellinen juoma &hellip; <\/p>\n<p class=\"link-more\"><a href=\"https:\/\/www.panimotuju.fi\/en\/product\/fruit-bat-40-snails-bank\/\" class=\"more-link\">Read more<span class=\"screen-reader-text\"> &#8221;Fruit Bat 4,0% &#8211; Snails Bank&#8221;<\/span><\/a><\/p>","protected":false},"featured_media":8091,"template":"","meta":[],"product_brand":[],"product_cat":[84],"product_tag":[],"class_list":{"0":"post-7698","1":"product","2":"type-product","3":"status-publish","4":"has-post-thumbnail","6":"product_cat-siiderit","8":"first","9":"outofstock","10":"taxable","11":"shipping-taxable","12":"purchasable","13":"product-type-simple"},"jetpack_sharing_enabled":true,"_links":{"self":[{"href":"https:\/\/www.panimotuju.fi\/en\/wp-json\/wp\/v2\/product\/7698","targetHints":{"allow":["GET"]}}],"collection":[{"href":"https:\/\/www.panimotuju.fi\/en\/wp-json\/wp\/v2\/product"}],"about":[{"href":"https:\/\/www.panimotuju.fi\/en\/wp-json\/wp\/v2\/types\/product"}],"wp:featuredmedia":[{"embeddable":true,"href":"https:\/\/www.panimotuju.fi\/en\/wp-json\/wp\/v2\/media\/8091"}],"wp:attachment":[{"href":"https:\/\/www.panimotuju.fi\/en\/wp-json\/wp\/v2\/media?parent=7698"}],"wp:term":[{"taxonomy":"product_brand","embeddable":true,"href":"https:\/\/www.panimotuju.fi\/en\/wp-json\/wp\/v2\/product_brand?post=7698"},{"taxonomy":"product_cat","embeddable":true,"href":"https:\/\/www.panimotuju.fi\/en\/wp-json\/wp\/v2\/product_cat?post=7698"},{"taxonomy":"product_tag","embeddable":true,"href":"https:\/\/www.panimotuju.fi\/en\/wp-json\/wp\/v2\/product_tag?post=7698"}],"curies":[{"name":"wp","href":"https:\/\/api.w.org\/{rel}","templated":true}]}}