{"id":7728,"date":"2022-02-03T14:12:49","date_gmt":"2022-02-03T12:12:49","guid":{"rendered":"https:\/\/www.it-varaani.fi\/demo\/tuju\/?post_type=product&#038;p=7728"},"modified":"2026-04-28T10:43:49","modified_gmt":"2026-04-28T07:43:49","slug":"lepra-49","status":"publish","type":"product","link":"https:\/\/www.panimotuju.fi\/en\/product\/lepra-49\/","title":{"rendered":"Lepra 4,9%"},"content":{"rendered":"<p><strong>Lepra 4,9% session NEIPA<\/strong><\/p>\n<p>Tujun purkit ovat t\u00e4\u00e4ll\u00e4 eik\u00e4 maailma ole en\u00e4\u00e4 entisens\u00e4!<\/p>\n<p>Meit\u00e4 on monesti syytelty siit\u00e4, ettemme tee maakuntaoluita. T\u00e4ss\u00e4 sit\u00e4 nyt olisi, mutta hieman Tujumpana. Meid\u00e4n ik\u00e4isten ja varmasti nuorempien tuntema kotiseutumme hellittelynimi on nyt p\u00e4\u00e4tynyt olueksi. <strong>Lepra<\/strong> on kielet irroittavaa sumuolutta, jossa savuavat tehtaanpiiput v\u00e4rj\u00e4\u00e4v\u00e4t t\u00e4m\u00e4n hedelm\u00e4isen session NEIPAn kullankeltaiseksi nektariksi. Aromipuolella nousee esiin trooppista hedelm\u00e4\u00e4, sitrusta ja greippisyytt\u00e4 sek\u00e4 m\u00e4ntym\u00e4inen j\u00e4lkiliuku. Humalina <strong>Idaho 7 ja Simcoe.<\/strong><\/p>\n<p><strong>5,00\u20ac\/0,44L (11,36\u20ac\/L)<\/strong><\/p>","protected":false},"excerpt":{"rendered":"<p>Lepra 4,9% session NEIPA Tujun purkit ovat t\u00e4\u00e4ll\u00e4 eik\u00e4 maailma ole en\u00e4\u00e4 entisens\u00e4! Meit\u00e4 on monesti syytelty siit\u00e4, ettemme tee maakuntaoluita. T\u00e4ss\u00e4 sit\u00e4 nyt olisi, mutta hieman Tujumpana. Meid\u00e4n ik\u00e4isten ja varmasti nuorempien tuntema kotiseutumme hellittelynimi on nyt p\u00e4\u00e4tynyt olueksi. Lepra on kielet irroittavaa sumuolutta, jossa savuavat tehtaanpiiput v\u00e4rj\u00e4\u00e4v\u00e4t t\u00e4m\u00e4n hedelm\u00e4isen session NEIPAn kullankeltaiseksi nektariksi. &hellip; <\/p>\n<p class=\"link-more\"><a href=\"https:\/\/www.panimotuju.fi\/en\/product\/lepra-49\/\" class=\"more-link\">Read more<span class=\"screen-reader-text\"> &#8221;Lepra 4,9%&#8221;<\/span><\/a><\/p>","protected":false},"featured_media":15814,"template":"","meta":[],"product_brand":[],"product_cat":[50],"product_tag":[],"class_list":{"0":"post-7728","1":"product","2":"type-product","3":"status-publish","4":"has-post-thumbnail","6":"product_cat-tujun_tuotteet","8":"first","9":"instock","10":"taxable","11":"shipping-taxable","12":"purchasable","13":"product-type-simple"},"jetpack_sharing_enabled":true,"_links":{"self":[{"href":"https:\/\/www.panimotuju.fi\/en\/wp-json\/wp\/v2\/product\/7728","targetHints":{"allow":["GET"]}}],"collection":[{"href":"https:\/\/www.panimotuju.fi\/en\/wp-json\/wp\/v2\/product"}],"about":[{"href":"https:\/\/www.panimotuju.fi\/en\/wp-json\/wp\/v2\/types\/product"}],"wp:featuredmedia":[{"embeddable":true,"href":"https:\/\/www.panimotuju.fi\/en\/wp-json\/wp\/v2\/media\/15814"}],"wp:attachment":[{"href":"https:\/\/www.panimotuju.fi\/en\/wp-json\/wp\/v2\/media?parent=7728"}],"wp:term":[{"taxonomy":"product_brand","embeddable":true,"href":"https:\/\/www.panimotuju.fi\/en\/wp-json\/wp\/v2\/product_brand?post=7728"},{"taxonomy":"product_cat","embeddable":true,"href":"https:\/\/www.panimotuju.fi\/en\/wp-json\/wp\/v2\/product_cat?post=7728"},{"taxonomy":"product_tag","embeddable":true,"href":"https:\/\/www.panimotuju.fi\/en\/wp-json\/wp\/v2\/product_tag?post=7728"}],"curies":[{"name":"wp","href":"https:\/\/api.w.org\/{rel}","templated":true}]}}