{"id":7764,"date":"2022-02-03T14:12:56","date_gmt":"2022-02-03T12:12:56","guid":{"rendered":"https:\/\/www.it-varaani.fi\/demo\/tuju\/?post_type=product&#038;p=7764"},"modified":"2026-05-02T20:59:02","modified_gmt":"2026-05-02T17:59:02","slug":"hoptinen-illuusio-49-2","status":"publish","type":"product","link":"https:\/\/www.panimotuju.fi\/en\/product\/hoptinen-illuusio-49-2\/","title":{"rendered":"Hoptinen Illuusio 4,9%"},"content":{"rendered":"<p><strong>Hoptinen Illuusio | session IPA 0,44L<\/strong><\/p>\n<p><strong>Tujun purkit ovat t\u00e4\u00e4ll\u00e4 eik\u00e4 maailma ole en\u00e4\u00e4 entisens\u00e4!<\/strong><\/p>\n<p>Kevyesti puraiseva ja hedelm\u00e4isesti helliv\u00e4 helpon juotavuuden india pale ale, joka t\u00e4r\u00e4ytt\u00e4\u00e4 kaniinit hatusta heti k\u00e4ttelyss\u00e4! Taikurin show on vaihtunut ja kaikki kortit ammutaan hihasta kerralla. Yleis\u00f6 pid\u00e4ttelee hengityst\u00e4 taikasanojen <strong>\u201cAmarillo, Vic Secret ja Citra<\/strong>\u201d kajahtaessa!<\/p>\n<p>Nuo sanat humalluttivat t\u00e4yden salin katsojat ennenkokemattomaan illuusioon, josta ei olisi paluuta.<\/p>\n<p><strong>5,00\u20ac\/0,44L (11,36\u20ac\/L)<\/strong><\/p>","protected":false},"excerpt":{"rendered":"<p>Hoptinen Illuusio | session IPA 0,44L Tujun purkit ovat t\u00e4\u00e4ll\u00e4 eik\u00e4 maailma ole en\u00e4\u00e4 entisens\u00e4! Kevyesti puraiseva ja hedelm\u00e4isesti helliv\u00e4 helpon juotavuuden india pale ale, joka t\u00e4r\u00e4ytt\u00e4\u00e4 kaniinit hatusta heti k\u00e4ttelyss\u00e4! Taikurin show on vaihtunut ja kaikki kortit ammutaan hihasta kerralla. Yleis\u00f6 pid\u00e4ttelee hengityst\u00e4 taikasanojen \u201cAmarillo, Vic Secret ja Citra\u201d kajahtaessa! Nuo sanat humalluttivat t\u00e4yden &hellip; <\/p>\n<p class=\"link-more\"><a href=\"https:\/\/www.panimotuju.fi\/en\/product\/hoptinen-illuusio-49-2\/\" class=\"more-link\">Read more<span class=\"screen-reader-text\"> &#8221;Hoptinen Illuusio 4,9%&#8221;<\/span><\/a><\/p>","protected":false},"featured_media":12892,"template":"","meta":[],"product_brand":[],"product_cat":[50],"product_tag":[],"class_list":{"0":"post-7764","1":"product","2":"type-product","3":"status-publish","4":"has-post-thumbnail","6":"product_cat-tujun_tuotteet","8":"first","9":"instock","10":"taxable","11":"shipping-taxable","12":"purchasable","13":"product-type-simple"},"jetpack_sharing_enabled":true,"_links":{"self":[{"href":"https:\/\/www.panimotuju.fi\/en\/wp-json\/wp\/v2\/product\/7764","targetHints":{"allow":["GET"]}}],"collection":[{"href":"https:\/\/www.panimotuju.fi\/en\/wp-json\/wp\/v2\/product"}],"about":[{"href":"https:\/\/www.panimotuju.fi\/en\/wp-json\/wp\/v2\/types\/product"}],"wp:featuredmedia":[{"embeddable":true,"href":"https:\/\/www.panimotuju.fi\/en\/wp-json\/wp\/v2\/media\/12892"}],"wp:attachment":[{"href":"https:\/\/www.panimotuju.fi\/en\/wp-json\/wp\/v2\/media?parent=7764"}],"wp:term":[{"taxonomy":"product_brand","embeddable":true,"href":"https:\/\/www.panimotuju.fi\/en\/wp-json\/wp\/v2\/product_brand?post=7764"},{"taxonomy":"product_cat","embeddable":true,"href":"https:\/\/www.panimotuju.fi\/en\/wp-json\/wp\/v2\/product_cat?post=7764"},{"taxonomy":"product_tag","embeddable":true,"href":"https:\/\/www.panimotuju.fi\/en\/wp-json\/wp\/v2\/product_tag?post=7764"}],"curies":[{"name":"wp","href":"https:\/\/api.w.org\/{rel}","templated":true}]}}