{"id":7846,"date":"2022-02-03T14:13:16","date_gmt":"2022-02-03T12:13:16","guid":{"rendered":"https:\/\/www.it-varaani.fi\/demo\/tuju\/?post_type=product&#038;p=7846"},"modified":"2022-02-08T11:08:13","modified_gmt":"2022-02-08T09:08:13","slug":"pink-grapefruit-47-vault-city","status":"publish","type":"product","link":"https:\/\/www.panimotuju.fi\/en\/product\/pink-grapefruit-47-vault-city\/","title":{"rendered":"Pink Grapefruit 4,7% &#8211; Vault City"},"content":{"rendered":"<p>Edinburghista ponnistava skottilaispanimo <strong>Vault City<\/strong> on erikoistunut hapanoluisiin. Otteet ovat moderneja ja oluet sis\u00e4lt\u00e4v\u00e4t happamuuden lis\u00e4ksi monenlaista muutakin twisti\u00e4.<\/p>\n<p><strong>Pink Grapefruit 4,7%:<\/strong> 2021 ensimm\u00e4inen session sour sis\u00e4lt\u00e4\u00e4 pinkki\u00e4 greippi\u00e4. Talon oma hiivakanta sopii hyvin makeaan hedelm\u00e4\u00e4n. Hedelm\u00e4inen, mehukas ja kevyesti ja balansoivasti katkera.<\/p>\n<p><strong>6,40\u20ac\/0,33L (19,39\u20ac\/L)<\/strong><\/p>","protected":false},"excerpt":{"rendered":"<p>Edinburghista ponnistava skottilaispanimo Vault City on erikoistunut hapanoluisiin. Otteet ovat moderneja ja oluet sis\u00e4lt\u00e4v\u00e4t happamuuden lis\u00e4ksi monenlaista muutakin twisti\u00e4. Pink Grapefruit 4,7%: 2021 ensimm\u00e4inen session sour sis\u00e4lt\u00e4\u00e4 pinkki\u00e4 greippi\u00e4. Talon oma hiivakanta sopii hyvin makeaan hedelm\u00e4\u00e4n. Hedelm\u00e4inen, mehukas ja kevyesti ja balansoivasti katkera. 6,40\u20ac\/0,33L (19,39\u20ac\/L)<\/p>","protected":false},"featured_media":8247,"template":"","meta":[],"product_brand":[],"product_cat":[84],"product_tag":[],"class_list":{"0":"post-7846","1":"product","2":"type-product","3":"status-publish","4":"has-post-thumbnail","6":"product_cat-siiderit","8":"first","9":"outofstock","10":"taxable","11":"shipping-taxable","12":"purchasable","13":"product-type-simple"},"jetpack_sharing_enabled":true,"_links":{"self":[{"href":"https:\/\/www.panimotuju.fi\/en\/wp-json\/wp\/v2\/product\/7846","targetHints":{"allow":["GET"]}}],"collection":[{"href":"https:\/\/www.panimotuju.fi\/en\/wp-json\/wp\/v2\/product"}],"about":[{"href":"https:\/\/www.panimotuju.fi\/en\/wp-json\/wp\/v2\/types\/product"}],"wp:featuredmedia":[{"embeddable":true,"href":"https:\/\/www.panimotuju.fi\/en\/wp-json\/wp\/v2\/media\/8247"}],"wp:attachment":[{"href":"https:\/\/www.panimotuju.fi\/en\/wp-json\/wp\/v2\/media?parent=7846"}],"wp:term":[{"taxonomy":"product_brand","embeddable":true,"href":"https:\/\/www.panimotuju.fi\/en\/wp-json\/wp\/v2\/product_brand?post=7846"},{"taxonomy":"product_cat","embeddable":true,"href":"https:\/\/www.panimotuju.fi\/en\/wp-json\/wp\/v2\/product_cat?post=7846"},{"taxonomy":"product_tag","embeddable":true,"href":"https:\/\/www.panimotuju.fi\/en\/wp-json\/wp\/v2\/product_tag?post=7846"}],"curies":[{"name":"wp","href":"https:\/\/api.w.org\/{rel}","templated":true}]}}