{"id":7872,"date":"2022-02-03T14:13:21","date_gmt":"2022-02-03T12:13:21","guid":{"rendered":"https:\/\/www.it-varaani.fi\/demo\/tuju\/?post_type=product&#038;p=7872"},"modified":"2024-06-15T21:41:39","modified_gmt":"2024-06-15T18:41:39","slug":"sidra-natural-55-maeloc","status":"publish","type":"product","link":"https:\/\/www.panimotuju.fi\/en\/product\/sidra-natural-55-maeloc\/","title":{"rendered":"Sidra Natural 5,5% &#8211; Maeloc"},"content":{"rendered":"<p>Galicialainen <strong>Maeloc <\/strong>valmistaa siidereit\u00e4 Espanjan luoteisnurkassa luontaisin menetelmin. Omenoiden runko muovataan valikoivasti pero-, verde\u00f1a-, perezosa-, rabiosa- ja raxao-lajikkeilla.&nbsp;<\/p>\n<p><strong>Sidra Natural 5,5%<\/strong>: Espanjan siiderit ovat nykyisin varsinainen trendi. Matalin hiilihapoin, mutta kunnolla omenan hapokkuutta esiintuovat viinim\u00e4iset siiderit eiv\u00e4t ehk\u00e4 ole ihan jokaisen aloittelijan mieleen. T\u00e4m\u00e4 nelj\u00e4st\u00e4 erilaisesta omenalajikkeesta tehty, hennosti poreileva kuiva omenasiideri, joka sopii erinomaisesti vaikka aperitiiviksi tai seurusteluun!<\/p>\n<p><strong>8,50\u20ac\/0,7L (12,14\u20ac\/L) + 0,10\u20ac pantti<\/strong><\/p>","protected":false},"excerpt":{"rendered":"<p>Galicialainen Maeloc valmistaa siidereit\u00e4 Espanjan luoteisnurkassa luontaisin menetelmin. Omenoiden runko muovataan valikoivasti pero-, verde\u00f1a-, perezosa-, rabiosa- ja raxao-lajikkeilla.&nbsp; Sidra Natural 5,5%: Espanjan siiderit ovat nykyisin varsinainen trendi. Matalin hiilihapoin, mutta kunnolla omenan hapokkuutta esiintuovat viinim\u00e4iset siiderit eiv\u00e4t ehk\u00e4 ole ihan jokaisen aloittelijan mieleen. T\u00e4m\u00e4 nelj\u00e4st\u00e4 erilaisesta omenalajikkeesta tehty, hennosti poreileva kuiva omenasiideri, joka sopii erinomaisesti &hellip; <\/p>\n<p class=\"link-more\"><a href=\"https:\/\/www.panimotuju.fi\/en\/product\/sidra-natural-55-maeloc\/\" class=\"more-link\">Read more<span class=\"screen-reader-text\"> &#8221;Sidra Natural 5,5% &#8211; Maeloc&#8221;<\/span><\/a><\/p>","protected":false},"featured_media":8273,"template":"","meta":[],"product_brand":[],"product_cat":[84],"product_tag":[],"class_list":{"0":"post-7872","1":"product","2":"type-product","3":"status-publish","4":"has-post-thumbnail","6":"product_cat-siiderit","8":"first","9":"outofstock","10":"taxable","11":"shipping-taxable","12":"purchasable","13":"product-type-simple"},"jetpack_sharing_enabled":true,"_links":{"self":[{"href":"https:\/\/www.panimotuju.fi\/en\/wp-json\/wp\/v2\/product\/7872","targetHints":{"allow":["GET"]}}],"collection":[{"href":"https:\/\/www.panimotuju.fi\/en\/wp-json\/wp\/v2\/product"}],"about":[{"href":"https:\/\/www.panimotuju.fi\/en\/wp-json\/wp\/v2\/types\/product"}],"wp:featuredmedia":[{"embeddable":true,"href":"https:\/\/www.panimotuju.fi\/en\/wp-json\/wp\/v2\/media\/8273"}],"wp:attachment":[{"href":"https:\/\/www.panimotuju.fi\/en\/wp-json\/wp\/v2\/media?parent=7872"}],"wp:term":[{"taxonomy":"product_brand","embeddable":true,"href":"https:\/\/www.panimotuju.fi\/en\/wp-json\/wp\/v2\/product_brand?post=7872"},{"taxonomy":"product_cat","embeddable":true,"href":"https:\/\/www.panimotuju.fi\/en\/wp-json\/wp\/v2\/product_cat?post=7872"},{"taxonomy":"product_tag","embeddable":true,"href":"https:\/\/www.panimotuju.fi\/en\/wp-json\/wp\/v2\/product_tag?post=7872"}],"curies":[{"name":"wp","href":"https:\/\/api.w.org\/{rel}","templated":true}]}}