{"id":9379,"date":"2022-04-28T13:59:04","date_gmt":"2022-04-28T10:59:04","guid":{"rendered":"https:\/\/www.panimotuju.fi\/?post_type=product&#038;p=9379"},"modified":"2026-04-05T16:49:52","modified_gmt":"2026-04-05T13:49:52","slug":"nestehukka-70","status":"publish","type":"product","link":"https:\/\/www.panimotuju.fi\/en\/product\/nestehukka-70\/","title":{"rendered":"Nestehukka 7,0%"},"content":{"rendered":"<p>Nestehukka 7,0% | Red IPA<\/p>\n<p><span data-sheets-value=\"{&quot;1&quot;:2,&quot;2&quot;:&quot;Yksi ostetuimmista ja rakastetuimmista repolaisistamme on ujuttautunut t\u00f6lkkiin. Maltaisempi ja punaturkkinen IPA ei ole mik\u00e4\u00e4n hukkakappale vaan mainio nesteytt\u00e4j\u00e4, joka tanssahtelee hedelm\u00e4isyyden, sitrusmaisuuden, appelsiininkuoren ja puraisevan m\u00e4ntym\u00e4isyyden sulosoinnuin. Humalina Amarillo, Simcoe ja Chinook!&quot;}\" data-sheets-userformat=\"{&quot;2&quot;:13309,&quot;3&quot;:{&quot;1&quot;:0},&quot;5&quot;:{&quot;1&quot;:[{&quot;1&quot;:2,&quot;2&quot;:0,&quot;5&quot;:{&quot;1&quot;:2,&quot;2&quot;:0}},{&quot;1&quot;:0,&quot;2&quot;:0,&quot;3&quot;:3},{&quot;1&quot;:1,&quot;2&quot;:0,&quot;4&quot;:1}]},&quot;6&quot;:{&quot;1&quot;:[{&quot;1&quot;:2,&quot;2&quot;:0,&quot;5&quot;:{&quot;1&quot;:2,&quot;2&quot;:0}},{&quot;1&quot;:0,&quot;2&quot;:0,&quot;3&quot;:3},{&quot;1&quot;:1,&quot;2&quot;:0,&quot;4&quot;:1}]},&quot;7&quot;:{&quot;1&quot;:[{&quot;1&quot;:2,&quot;2&quot;:0,&quot;5&quot;:{&quot;1&quot;:2,&quot;2&quot;:0}},{&quot;1&quot;:0,&quot;2&quot;:0,&quot;3&quot;:3},{&quot;1&quot;:1,&quot;2&quot;:0,&quot;4&quot;:1}]},&quot;8&quot;:{&quot;1&quot;:[{&quot;1&quot;:2,&quot;2&quot;:0,&quot;5&quot;:{&quot;1&quot;:2,&quot;2&quot;:0}},{&quot;1&quot;:0,&quot;2&quot;:0,&quot;3&quot;:3},{&quot;1&quot;:1,&quot;2&quot;:0,&quot;4&quot;:1}]},&quot;9&quot;:0,&quot;10&quot;:0,&quot;11&quot;:4,&quot;12&quot;:0,&quot;15&quot;:&quot;Arial&quot;,&quot;16&quot;:7}\"><strong>Rakastettu karvaturri teki paluun tuhdimmilla prosenteilla<\/strong>! Punaturkkinen ja maltainen IPA ei ole mik\u00e4\u00e4n hukkakappale vaan mainio nesteytt\u00e4j\u00e4, joka tanssahtelee hedelm\u00e4isyyden, sitrusmaisuuden, appelsiininkuoren ja puraisevan m\u00e4ntym\u00e4isyyden sulosoinnuin. Humalina <strong>Amarillo, Simcoe ja Chinook<\/strong>!<\/span><\/p>\n<p><strong>5,30\u20ac \/ 0,44L (12,04\u20ac\/L) + 0,15\u20ac pantti\u00a0<\/strong><\/p>\n","protected":false},"excerpt":{"rendered":"<p>Nestehukka 7,0% | Red IPA Rakastettu karvaturri teki paluun tuhdimmilla prosenteilla! Punaturkkinen ja maltainen IPA ei ole mik\u00e4\u00e4n hukkakappale vaan mainio nesteytt\u00e4j\u00e4, joka tanssahtelee hedelm\u00e4isyyden, sitrusmaisuuden, appelsiininkuoren ja puraisevan m\u00e4ntym\u00e4isyyden sulosoinnuin. Humalina Amarillo, Simcoe ja Chinook! 5,30\u20ac \/ 0,44L (12,04\u20ac\/L) + 0,15\u20ac pantti\u00a0<\/p>","protected":false},"featured_media":15831,"template":"","meta":[],"product_brand":[],"product_cat":[50],"product_tag":[],"class_list":{"0":"post-9379","1":"product","2":"type-product","3":"status-publish","4":"has-post-thumbnail","6":"product_cat-tujun_tuotteet","8":"first","9":"instock","10":"taxable","11":"shipping-taxable","12":"purchasable","13":"product-type-simple"},"jetpack_sharing_enabled":true,"_links":{"self":[{"href":"https:\/\/www.panimotuju.fi\/en\/wp-json\/wp\/v2\/product\/9379","targetHints":{"allow":["GET"]}}],"collection":[{"href":"https:\/\/www.panimotuju.fi\/en\/wp-json\/wp\/v2\/product"}],"about":[{"href":"https:\/\/www.panimotuju.fi\/en\/wp-json\/wp\/v2\/types\/product"}],"wp:featuredmedia":[{"embeddable":true,"href":"https:\/\/www.panimotuju.fi\/en\/wp-json\/wp\/v2\/media\/15831"}],"wp:attachment":[{"href":"https:\/\/www.panimotuju.fi\/en\/wp-json\/wp\/v2\/media?parent=9379"}],"wp:term":[{"taxonomy":"product_brand","embeddable":true,"href":"https:\/\/www.panimotuju.fi\/en\/wp-json\/wp\/v2\/product_brand?post=9379"},{"taxonomy":"product_cat","embeddable":true,"href":"https:\/\/www.panimotuju.fi\/en\/wp-json\/wp\/v2\/product_cat?post=9379"},{"taxonomy":"product_tag","embeddable":true,"href":"https:\/\/www.panimotuju.fi\/en\/wp-json\/wp\/v2\/product_tag?post=9379"}],"curies":[{"name":"wp","href":"https:\/\/api.w.org\/{rel}","templated":true}]}}